{"id":101,"date":"2019-12-07T18:52:13","date_gmt":"2019-12-07T21:52:13","guid":{"rendered":"http:\/\/agrohome.com.br\/?page_id=101"},"modified":"2020-12-15T14:36:45","modified_gmt":"2020-12-15T17:36:45","slug":"about","status":"publish","type":"page","link":"https:\/\/agrohome.com.br\/?page_id=101","title":{"rendered":"Qualidade"},"content":{"rendered":"<div id=\"cs-content\" class=\"cs-content\"  >\n<div class=\"e101-1 x-section\" >\n    \n  \n<div class=\"e101-2 x-row\" >\n    <div class=\"x-row-inner\">\n<div class=\"e101-3 x-col\" >\n    \n<hr class=\"e101-4 x-line\" \/>\n  <\/div>\n\n<div class=\"e101-5 x-col\" >\n    \n<i class=\"e101-6 x-icon\" aria-hidden=\"true\" data-x-icon-l=\"&#xf118;\" ><\/i>\n  <\/div>\n\n<div class=\"e101-7 x-col\" >\n    \n<hr class=\"e101-8 x-line\" \/>\n  <\/div>\n<\/div>\n  <\/div>\n    <\/div>\n\n<div class=\"e101-9 x-section\" >\n      \n<div class=\"e101-10 x-container max width\" >\n    \n<div class=\"e101-11 x-column x-sm x-1-1\" >\n    \n<div class=\"e101-12 x-text x-text-headline\" >\n  <div class=\"x-text-content\"><div class=\"x-text-content-text\"><h2 class=\"x-text-content-text-primary\">EXCEL&Ecirc;NCIA, SERIEDADE E QUALIDADE<\/h2><p class=\"x-text-content-text-subheadline\">aqui voc&ecirc; encontra os princ&iacute;pios que adotamos para encantar nossos clientes e tamb&eacute;m poder&aacute; ver fotos para conhecer nossa estrutura de produ&ccedil;&atilde;o<\/p><\/div><\/div><\/div>\n<\/div>\n<\/div>\n    <\/div>\n\n<div class=\"e101-13 x-section\" >\n      \n<div class=\"e101-14 x-row\" >\n    <div class=\"x-row-inner\">\n<div class=\"e101-15 x-col\" >\n    \n<hr class=\"e101-16 x-line\" \/>\n  <\/div>\n\n<div class=\"e101-17 x-col\" >\n    \n<i class=\"e101-18 x-icon\" aria-hidden=\"true\" data-x-icon-l=\"&#xf4d6;\" ><\/i>\n  <\/div>\n\n<div class=\"e101-19 x-col\" >\n    \n<hr class=\"e101-20 x-line\" \/>\n  <\/div>\n<\/div>\n  <\/div>\n    <\/div>\n\n<div class=\"e101-21 x-section\" >\n      \n<div class=\"e101-22 x-container max width\" >\n    \n<div class=\"e101-23 x-column x-sm x-1-1\" >\n    \n<div class=\"e101-24 x-text x-text-headline\" >\n  <div class=\"x-text-content\"><div class=\"x-text-content-text\"><h6 class=\"x-text-content-text-primary\">NOSSOS PRINC&Iacute;PIOS<\/h6><p class=\"x-text-content-text-subheadline\">aqui voc&ecirc; encontra os princ&iacute;pios que adotamos para encantar nossos clientes e tamb&eacute;m poder&aacute; ver fotos para conhecer nossa estrutura de produ&ccedil;&atilde;o<\/p><\/div><\/div><\/div>\n<\/div>\n<\/div>\n    <\/div>\n\n<div class=\"e101-25 x-section\" >\n      \n<div class=\"e101-26 x-row x-container max width\" >\n    <div class=\"x-row-inner\">\n<div class=\"e101-27 x-col\" >\n    \n<div class=\"e101-28 x-acc\" role=\"tablist\" id=\"x-acc-e101-28\" >\n  \n<div class=\"e101-29 x-acc-item\" >\n  <button id=\"tab-e101-29\" class=\"x-acc-header\" role=\"tab\" type=\"button\" aria-selected=\"false\" aria-expanded=\"false\" aria-controls=\"panel-e101-29\" data-x-toggle=\"collapse\" data-x-toggleable=\"e101-29\" data-x-toggle-group=\"e101-28\" >\n    <span class=\"x-acc-header-content\">\n      <span class=\"x-acc-header-indicator\">\n<i class=\"e101-29 x-icon\" aria-hidden=\"true\" data-x-icon-s=\"&#xf0da;\" ><\/i>\n<\/span>      <span class=\"x-acc-header-text\">SATISFA&Ccedil;&Atilde;O<\/span>\n    <\/span>\n  <\/button>\n  <div id=\"panel-e101-29\" role=\"tabpanel\" aria-hidden=\"true\" aria-labelledby=\"tab-e101-29\" data-x-toggleable=\"e101-29\" data-x-toggle-collapse=\"1\" class=\"x-collapsed\" >\n    <div class=\"x-acc-content\">\n      <p style=\"text-align: justify;\">Nossos vasos se diferenciam pela qualidade dos insumos, durabilidade e t\u00e9cnica empregada a um valor justo. Todavia lhe ofereceremos mais do que qualidade no produto. Desejamos lhe prover toda aten\u00e7\u00e3o que necessite para que o cultivo da planta impacte positivamente a sua vida. Conte conosco para que tenha todas suas expectativas atendidas e faremos todo o poss\u00edvel para supera-la.<\/p>\n<p style=\"text-align: center;\"><img src=\"http:\/\/agrohome.com.br\/wp-content\/uploads\/2020\/11\/PgVasos-Qualidade.png\" alt=\"\" width=\"50%\" class=\"aligcenter wp-image-365 responsive\" \/><\/p>    <\/div>\n  <\/div>\n<\/div>\n\n<div class=\"e101-30 x-acc-item\" >\n  <button id=\"tab-e101-30\" class=\"x-acc-header\" role=\"tab\" type=\"button\" aria-selected=\"false\" aria-expanded=\"false\" aria-controls=\"panel-e101-30\" data-x-toggle=\"collapse\" data-x-toggleable=\"e101-30\" data-x-toggle-group=\"e101-28\" >\n    <span class=\"x-acc-header-content\">\n      <span class=\"x-acc-header-indicator\">\n<i class=\"e101-30 x-icon\" aria-hidden=\"true\" data-x-icon-s=\"&#xf0da;\" ><\/i>\n<\/span>      <span class=\"x-acc-header-text\">PROFISSIONALISMO<\/span>\n    <\/span>\n  <\/button>\n  <div id=\"panel-e101-30\" role=\"tabpanel\" aria-hidden=\"true\" aria-labelledby=\"tab-e101-30\" data-x-toggleable=\"e101-30\" data-x-toggle-collapse=\"1\" class=\"x-collapsed\" >\n    <div class=\"x-acc-content\">\n      <p style=\"text-align: justify;\">O processo de cultivo das nossas Espadas de S&atilde;o Jorge demanda nove meses e s&atilde;o divididos em 4 etapas. A muda recebe substrato apropriado em cada etapa para que, ao final, possamos lhe fornecer um vaso com uma planta sadia, virtuosa e bela. Desta forma, com a planta que comercializamos voc&ecirc; ter&aacute; todos os benef&iacute;cios quanto a performance, sa&uacute;de, bem-estar e prote&ccedil;&atilde;o.<\/p>\n<p style=\"text-align: center;\"><img class=\"aligcenter wp-image-365 responsive\" src=\"http:\/\/agrohome.com.br\/wp-content\/uploads\/2020\/11\/PgVasos-Profissionalismo-300x300.png\" alt=\"\" width=\"50%\" \/><\/p>    <\/div>\n  <\/div>\n<\/div>\n\n<div class=\"e101-31 x-acc-item\" >\n  <button id=\"tab-e101-31\" class=\"x-acc-header\" role=\"tab\" type=\"button\" aria-selected=\"false\" aria-expanded=\"false\" aria-controls=\"panel-e101-31\" data-x-toggle=\"collapse\" data-x-toggleable=\"e101-31\" data-x-toggle-group=\"e101-28\" >\n    <span class=\"x-acc-header-content\">\n      <span class=\"x-acc-header-indicator\">\n<i class=\"e101-31 x-icon\" aria-hidden=\"true\" data-x-icon-s=\"&#xf0da;\" ><\/i>\n<\/span>      <span class=\"x-acc-header-text\">MODERNIDADE<\/span>\n    <\/span>\n  <\/button>\n  <div id=\"panel-e101-31\" role=\"tabpanel\" aria-hidden=\"true\" aria-labelledby=\"tab-e101-31\" data-x-toggleable=\"e101-31\" data-x-toggle-collapse=\"1\" class=\"x-collapsed\" >\n    <div class=\"x-acc-content\">\n      <p style=\"text-align: justify;\">O vaso auto-irrig\u00e1vel permite que a planta fique hidratada por muito mais tempo, pois disponibilizam a \u00e1gua que a planta necessita no substrato atrav\u00e9s de um condutor conectado a um reservat\u00f3rio localizado na parte inferior do vaso. Isto facilita o cultivo e a necessidade de rega frequente mantendo sua planta saud\u00e1vel em termos de umidade. Voc\u00ea dever\u00e1 reabastecer o reservat\u00f3rio de \u00e1gua cerca de duas vezes por m\u00eas apenas.<\/p>\n<p style=\"text-align: center;\"><img class=\"aligcenter wp-image-365 responsive\" src=\"http:\/\/agrohome.com.br\/wp-content\/uploads\/2020\/11\/PgQualidade-Modernidade.png\" alt=\"\" width=\"50%\" \/><\/p>\n    <\/div>\n  <\/div>\n<\/div>\n\n<div class=\"e101-32 x-acc-item\" >\n  <button id=\"tab-e101-32\" class=\"x-acc-header\" role=\"tab\" type=\"button\" aria-selected=\"false\" aria-expanded=\"false\" aria-controls=\"panel-e101-32\" data-x-toggle=\"collapse\" data-x-toggleable=\"e101-32\" data-x-toggle-group=\"e101-28\" >\n    <span class=\"x-acc-header-content\">\n      <span class=\"x-acc-header-indicator\">\n<i class=\"e101-32 x-icon\" aria-hidden=\"true\" data-x-icon-s=\"&#xf0da;\" ><\/i>\n<\/span>      <span class=\"x-acc-header-text\">DURABILIDADE<\/span>\n    <\/span>\n  <\/button>\n  <div id=\"panel-e101-32\" role=\"tabpanel\" aria-hidden=\"true\" aria-labelledby=\"tab-e101-32\" data-x-toggleable=\"e101-32\" data-x-toggle-collapse=\"1\" class=\"x-collapsed\" >\n    <div class=\"x-acc-content\">\n      <p style=\"text-align: justify;\">Os vasos de polietileno atualmente s\u00e3o os mais comercializados no mercado. Est\u00e3o substituindo vasos de concreto e cer\u00e2mica devido a v\u00e1rias vantagens, como:<\/p>\n\n<p><img src=\"http:\/\/agrohome.com.br\/wp-content\/uploads\/2020\/11\/PgQualidade-Durabilidade.png\" alt=\"\" width=\"25%\" vertical-align:=\"\" middle=\"\" class=\"responsive wp-image-485 alignright\" \/>\n<ul>\n \t<li style=\"text-align: left;\">Grande durabilidade, resist\u00eancia e leveza<\/li>\n \t<li style=\"text-align: left;\">Podem ficar expostos ao sol e a chuva<\/li>\n \t<li style=\"text-align: left;\">Podem ficar em contato com o solo<\/li>\n \t<li style=\"text-align: left;\">S\u00e3o imperme\u00e1veis e lav\u00e1veis<\/li>\n \t<li style=\"text-align: left;\">N\u00e3o proliferam fungos e bact\u00e9rias<\/li>\n \t<li style=\"text-align: left;\">N\u00e3o mofam e n\u00e3o ressecam<\/li>\n \t<li style=\"text-align: left;\">N\u00e3o soltam farpas, racham ou desbotam<\/li>\n \t<li style=\"text-align: left;\">Possuem prote\u00e7\u00e3o contra raios ultra-violeta (UV)<\/li>\n<\/ul>\n<\/p>    <\/div>\n  <\/div>\n<\/div>\n<\/div>\n  <\/div>\n<\/div>\n  <\/div>\n    <\/div>\n\n<div class=\"e101-33 x-section\" >\n    \n  \n<div class=\"e101-34 x-row\" >\n    <div class=\"x-row-inner\">\n<div class=\"e101-35 x-col\" >\n    \n<hr class=\"e101-36 x-line\" \/>\n  <\/div>\n\n<div class=\"e101-37 x-col\" >\n    \n<i class=\"e101-38 x-icon\" aria-hidden=\"true\" data-x-icon-l=\"&#xf085;\" ><\/i>\n  <\/div>\n\n<div class=\"e101-39 x-col\" >\n    \n<hr class=\"e101-40 x-line\" \/>\n  <\/div>\n<\/div>\n  <\/div>\n    <\/div>\n\n<div class=\"e101-41 x-section\" >\n      \n<div class=\"e101-42 x-container max width\" >\n    \n<div class=\"e101-43 x-column x-sm x-1-1\" >\n    \n<div class=\"e101-44 x-text x-text-headline\" >\n  <div class=\"x-text-content\"><div class=\"x-text-content-text\"><h6 class=\"x-text-content-text-primary\">NOSSA ESTRUTURA DE PRODU&Ccedil;&Atilde;O<\/h6><p class=\"x-text-content-text-subheadline\">Simplicidade + Organiza&ccedil;&atilde;o + Limpeza + Efici&ecirc;ncia<\/p><\/div><\/div><\/div>\n<\/div>\n<\/div>\n    <\/div>\n\n<div class=\"e101-45 x-section\" >\n      \n<div class=\"e101-46 x-row x-container max width\" >\n    <div class=\"x-row-inner\">\n<div class=\"e101-47 x-col\" >\n    <script type=\"text\/javascript\">jQuery(function() { _initLayerSlider( '#layerslider_1_vv4hbwi4nsau', {createdWith: '6.11.2', sliderVersion: '6.11.2', pauseOnHover: 'disabled', cycles: 20, skin: 'v6', hoverPrevNext: false, skinsPath: 'https:\/\/agrohome.com.br\/wp-content\/plugins\/LayerSlider\/assets\/static\/layerslider\/skins\/'}); });<\/script><div id=\"layerslider_1_vv4hbwi4nsau\" class=\"ls-wp-container fitvidsignore\" style=\"width:1280px;height:720px;margin:0 auto;margin-bottom: 0px;\"><div class=\"ls-slide\" data-ls=\"duration:2000;transition2d:11;timeshift:500;kenburnsscale:1.2;\"><img width=\"1280\" height=\"720\" src=\"https:\/\/agrohome.com.br\/wp-content\/uploads\/2020\/11\/LLL-Estrutura4.jpg\" class=\"ls-bg\" alt=\"\" srcset=\"https:\/\/agrohome.com.br\/wp-content\/uploads\/2020\/11\/LLL-Estrutura4.jpg 1280w, https:\/\/agrohome.com.br\/wp-content\/uploads\/2020\/11\/LLL-Estrutura4-300x169.jpg 300w, https:\/\/agrohome.com.br\/wp-content\/uploads\/2020\/11\/LLL-Estrutura4-1024x576.jpg 1024w, https:\/\/agrohome.com.br\/wp-content\/uploads\/2020\/11\/LLL-Estrutura4-768x432.jpg 768w, https:\/\/agrohome.com.br\/wp-content\/uploads\/2020\/11\/LLL-Estrutura4-100x56.jpg 100w\" sizes=\"(max-width: 1280px) 100vw, 1280px\" \/><\/div><div class=\"ls-slide\" data-ls=\"duration:2000;transition2d:11;timeshift:500;kenburnsscale:1.2;\"><img width=\"1280\" height=\"720\" src=\"https:\/\/agrohome.com.br\/wp-content\/uploads\/2020\/11\/LLL-Estrutura2.jpg\" class=\"ls-bg\" alt=\"\" srcset=\"https:\/\/agrohome.com.br\/wp-content\/uploads\/2020\/11\/LLL-Estrutura2.jpg 1280w, https:\/\/agrohome.com.br\/wp-content\/uploads\/2020\/11\/LLL-Estrutura2-300x169.jpg 300w, https:\/\/agrohome.com.br\/wp-content\/uploads\/2020\/11\/LLL-Estrutura2-1024x576.jpg 1024w, https:\/\/agrohome.com.br\/wp-content\/uploads\/2020\/11\/LLL-Estrutura2-768x432.jpg 768w, https:\/\/agrohome.com.br\/wp-content\/uploads\/2020\/11\/LLL-Estrutura2-100x56.jpg 100w\" sizes=\"(max-width: 1280px) 100vw, 1280px\" \/><\/div><div class=\"ls-slide\" data-ls=\"duration:2000;transition2d:11;timeshift:500;kenburnsscale:1.2;\"><img width=\"1280\" height=\"720\" src=\"https:\/\/agrohome.com.br\/wp-content\/uploads\/2020\/11\/LLL-Estrutura1.jpg\" class=\"ls-bg\" alt=\"\" srcset=\"https:\/\/agrohome.com.br\/wp-content\/uploads\/2020\/11\/LLL-Estrutura1.jpg 1280w, https:\/\/agrohome.com.br\/wp-content\/uploads\/2020\/11\/LLL-Estrutura1-300x169.jpg 300w, https:\/\/agrohome.com.br\/wp-content\/uploads\/2020\/11\/LLL-Estrutura1-1024x576.jpg 1024w, https:\/\/agrohome.com.br\/wp-content\/uploads\/2020\/11\/LLL-Estrutura1-768x432.jpg 768w, https:\/\/agrohome.com.br\/wp-content\/uploads\/2020\/11\/LLL-Estrutura1-100x56.jpg 100w\" sizes=\"(max-width: 1280px) 100vw, 1280px\" \/><\/div><div class=\"ls-slide\" data-ls=\"duration:2000;transition2d:11;timeshift:500;kenburnsscale:1.2;\"><img width=\"1280\" height=\"720\" src=\"https:\/\/agrohome.com.br\/wp-content\/uploads\/2020\/11\/LLL-Estrutura3.jpg\" class=\"ls-bg\" alt=\"\" srcset=\"https:\/\/agrohome.com.br\/wp-content\/uploads\/2020\/11\/LLL-Estrutura3.jpg 1280w, https:\/\/agrohome.com.br\/wp-content\/uploads\/2020\/11\/LLL-Estrutura3-300x169.jpg 300w, https:\/\/agrohome.com.br\/wp-content\/uploads\/2020\/11\/LLL-Estrutura3-1024x576.jpg 1024w, https:\/\/agrohome.com.br\/wp-content\/uploads\/2020\/11\/LLL-Estrutura3-768x432.jpg 768w, https:\/\/agrohome.com.br\/wp-content\/uploads\/2020\/11\/LLL-Estrutura3-100x56.jpg 100w\" sizes=\"(max-width: 1280px) 100vw, 1280px\" \/><\/div><div class=\"ls-slide\" data-ls=\"duration:2000;transition2d:11;timeshift:500;kenburnsscale:1.2;\"><img width=\"1280\" height=\"720\" src=\"https:\/\/agrohome.com.br\/wp-content\/uploads\/2020\/11\/LLL-Estrutura5.jpg\" class=\"ls-bg\" alt=\"\" srcset=\"https:\/\/agrohome.com.br\/wp-content\/uploads\/2020\/11\/LLL-Estrutura5.jpg 1280w, https:\/\/agrohome.com.br\/wp-content\/uploads\/2020\/11\/LLL-Estrutura5-300x169.jpg 300w, https:\/\/agrohome.com.br\/wp-content\/uploads\/2020\/11\/LLL-Estrutura5-1024x576.jpg 1024w, https:\/\/agrohome.com.br\/wp-content\/uploads\/2020\/11\/LLL-Estrutura5-768x432.jpg 768w, https:\/\/agrohome.com.br\/wp-content\/uploads\/2020\/11\/LLL-Estrutura5-100x56.jpg 100w\" sizes=\"(max-width: 1280px) 100vw, 1280px\" \/><\/div><\/div>  <\/div>\n<\/div>\n  <\/div>\n    <\/div>\n<\/div>\n","protected":false},"excerpt":{"rendered":"<p>EXCEL&Ecirc;NCIA, SERIEDADE E QUALIDADEaqui voc&ecirc; encontra os princ&iacute;pios que adotamos para encantar nossos clientes e tamb&eacute;m poder&aacute; ver fotos para conhecer nossa estrutura de produ&ccedil;&atilde;o NOSSOS PRINC&Iacute;PIOSaqui voc&ecirc; encontra os princ&iacute;pios que adotamos para encantar nossos clientes e tamb&eacute;m poder&aacute; ver fotos para conhecer nossa estrutura de produ&ccedil;&atilde;o SATISFA&Ccedil;&Atilde;O Nossos vasos se diferenciam pela qualidade dos insumos, durabilidade e t\u00e9cnica &#8230; <\/p>\n<div><a href=\"https:\/\/agrohome.com.br\/?page_id=101\" class=\"more-link\">Read More<\/a><\/div>\n","protected":false},"author":1,"featured_media":0,"parent":91,"menu_order":3,"comment_status":"closed","ping_status":"closed","template":"template-blank-4.php","meta":[],"_links":{"self":[{"href":"https:\/\/agrohome.com.br\/index.php?rest_route=\/wp\/v2\/pages\/101"}],"collection":[{"href":"https:\/\/agrohome.com.br\/index.php?rest_route=\/wp\/v2\/pages"}],"about":[{"href":"https:\/\/agrohome.com.br\/index.php?rest_route=\/wp\/v2\/types\/page"}],"author":[{"embeddable":true,"href":"https:\/\/agrohome.com.br\/index.php?rest_route=\/wp\/v2\/users\/1"}],"replies":[{"embeddable":true,"href":"https:\/\/agrohome.com.br\/index.php?rest_route=%2Fwp%2Fv2%2Fcomments&post=101"}],"version-history":[{"count":66,"href":"https:\/\/agrohome.com.br\/index.php?rest_route=\/wp\/v2\/pages\/101\/revisions"}],"predecessor-version":[{"id":1048,"href":"https:\/\/agrohome.com.br\/index.php?rest_route=\/wp\/v2\/pages\/101\/revisions\/1048"}],"up":[{"embeddable":true,"href":"https:\/\/agrohome.com.br\/index.php?rest_route=\/wp\/v2\/pages\/91"}],"wp:attachment":[{"href":"https:\/\/agrohome.com.br\/index.php?rest_route=%2Fwp%2Fv2%2Fmedia&parent=101"}],"curies":[{"name":"wp","href":"https:\/\/api.w.org\/{rel}","templated":true}]}}